{"id":878,"date":"2022-02-02T10:15:04","date_gmt":"2022-02-02T10:15:04","guid":{"rendered":"https:\/\/nou.prometeu.md\/?page_id=878"},"modified":"2023-02-01T21:19:59","modified_gmt":"2023-02-01T21:19:59","slug":"cercuri-sectii-sportive-cluburi","status":"publish","type":"page","link":"https:\/\/prometeu.md\/index.php\/cercuri-sectii-sportive-cluburi\/","title":{"rendered":"Cercuri\/Sec\u021bii sportive\/Cluburi"},"content":{"rendered":"\t\t<div data-elementor-type=\"wp-page\" data-elementor-id=\"878\" class=\"elementor elementor-878\">\n\t\t\t\t\t\t\t\t\t<section class=\"elementor-section elementor-top-section elementor-element elementor-element-c59660c elementor-section-boxed elementor-section-height-default elementor-section-height-default exad-glass-effect-no exad-sticky-section-no\" data-id=\"c59660c\" data-element_type=\"section\">\n\t\t\t\t\t\t<div class=\"elementor-container elementor-column-gap-default\">\n\t\t\t\t\t<div class=\"elementor-column elementor-col-100 elementor-top-column elementor-element elementor-element-7ad6609 exad-glass-effect-no exad-sticky-section-no\" data-id=\"7ad6609\" data-element_type=\"column\">\n\t\t\t<div class=\"elementor-widget-wrap elementor-element-populated\">\n\t\t\t\t\t\t\t\t<div class=\"elementor-element elementor-element-b68ef79 elementor-position-left elementor-vertical-align-top exad-sticky-section-no exad-glass-effect-no elementor-widget elementor-widget-image-box\" data-id=\"b68ef79\" data-element_type=\"widget\" data-widget_type=\"image-box.default\">\n\t\t\t\t<div class=\"elementor-widget-container\">\n\t\t\t<style>\/*! elementor - v3.14.0 - 26-06-2023 *\/\n.elementor-widget-image-box .elementor-image-box-content{width:100%}@media (min-width:768px){.elementor-widget-image-box.elementor-position-left .elementor-image-box-wrapper,.elementor-widget-image-box.elementor-position-right .elementor-image-box-wrapper{display:flex}.elementor-widget-image-box.elementor-position-right .elementor-image-box-wrapper{text-align:right;flex-direction:row-reverse}.elementor-widget-image-box.elementor-position-left .elementor-image-box-wrapper{text-align:left;flex-direction:row}.elementor-widget-image-box.elementor-position-top .elementor-image-box-img{margin:auto}.elementor-widget-image-box.elementor-vertical-align-top .elementor-image-box-wrapper{align-items:flex-start}.elementor-widget-image-box.elementor-vertical-align-middle .elementor-image-box-wrapper{align-items:center}.elementor-widget-image-box.elementor-vertical-align-bottom .elementor-image-box-wrapper{align-items:flex-end}}@media (max-width:767px){.elementor-widget-image-box .elementor-image-box-img{margin-left:auto!important;margin-right:auto!important;margin-bottom:15px}}.elementor-widget-image-box .elementor-image-box-img{display:inline-block}.elementor-widget-image-box .elementor-image-box-title a{color:inherit}.elementor-widget-image-box .elementor-image-box-wrapper{text-align:center}.elementor-widget-image-box .elementor-image-box-description{margin:0}<\/style><div class=\"elementor-image-box-wrapper\"><figure class=\"elementor-image-box-img\"><img loading=\"lazy\" decoding=\"async\" width=\"6\" height=\"80\" src=\"https:\/\/prometeu.md\/wp-content\/uploads\/2021\/11\/Line-3.png\" class=\"attachment-thumbnail size-thumbnail wp-image-159\" alt=\"\" \/><\/figure><\/div>\t\t<\/div>\n\t\t\t\t<\/div>\n\t\t\t\t\t<\/div>\n\t\t<\/div>\n\t\t\t\t\t\t\t<\/div>\n\t\t<\/section>\n\t\t\t\t<section class=\"elementor-section elementor-top-section elementor-element elementor-element-4ea1b174 elementor-section-boxed elementor-section-height-default elementor-section-height-default exad-glass-effect-no exad-sticky-section-no\" data-id=\"4ea1b174\" data-element_type=\"section\">\n\t\t\t\t\t\t<div class=\"elementor-container elementor-column-gap-default\">\n\t\t\t\t\t<div class=\"elementor-column elementor-col-100 elementor-top-column elementor-element elementor-element-616821dd exad-glass-effect-no exad-sticky-section-no\" data-id=\"616821dd\" data-element_type=\"column\">\n\t\t\t<div class=\"elementor-widget-wrap elementor-element-populated\">\n\t\t\t\t\t\t\t\t<div class=\"elementor-element elementor-element-5765aee1 exad-sticky-section-no exad-glass-effect-no elementor-widget elementor-widget-text-editor\" data-id=\"5765aee1\" data-element_type=\"widget\" data-widget_type=\"text-editor.default\">\n\t\t\t\t<div class=\"elementor-widget-container\">\n\t\t\t<style>\/*! elementor - v3.14.0 - 26-06-2023 *\/\n.elementor-widget-text-editor.elementor-drop-cap-view-stacked .elementor-drop-cap{background-color:#69727d;color:#fff}.elementor-widget-text-editor.elementor-drop-cap-view-framed .elementor-drop-cap{color:#69727d;border:3px solid;background-color:transparent}.elementor-widget-text-editor:not(.elementor-drop-cap-view-default) .elementor-drop-cap{margin-top:8px}.elementor-widget-text-editor:not(.elementor-drop-cap-view-default) .elementor-drop-cap-letter{width:1em;height:1em}.elementor-widget-text-editor .elementor-drop-cap{float:left;text-align:center;line-height:1;font-size:50px}.elementor-widget-text-editor .elementor-drop-cap-letter{display:inline-block}<\/style>\t\t\t\t<h1><!-- wp:table {\"textColor\":\"black\",\"className\":\"is-style-regular\"} --><\/h1>\n<figure class=\"wp-block-table is-style-regular\">\n<table class=\"has-black-color has-text-color\">\n<tbody>\n<tr>\n<td>Clasa<\/td>\n<td>Denumirea Cercului<\/td>\n<td>Numele,Prenumele Profesorului<\/td>\n<td>Nr. Ore<\/td>\n<td>Sala<\/td>\n<td>Luni<\/td>\n<td>Mar\u021bi<\/td>\n<td>Miercuri<\/td>\n<td>Joi<\/td>\n<td>Vineri<\/td>\n<\/tr>\n<tr>\n<td>I<\/td>\n<td>\n<h3>Cerc de Robotic\u0103<\/h3>\n<\/td>\n<td>Idricean Doina<\/td>\n<td>2<\/td>\n<td>7<\/td>\n<td>\u00a0<\/td>\n<td>15:00-15:45 <br \/>(<strong>I B<\/strong>)<br \/>15:45-16:30 <br \/>(<strong>I A<\/strong>)<\/td>\n<td>\u00a0<\/td>\n<td>\u00a0<\/td>\n<td>\u00a0<\/td>\n<\/tr>\n<tr>\n<td>I<\/td>\n<td>\n<h3>Cerc de \u0218ah<\/h3>\n<\/td>\n<td>Coad\u0103 Valeriu<\/td>\n<td>2<\/td>\n<td>1<\/td>\n<td>13:-13:45 (<strong>cl. preg\u0103titoare<\/strong>)<br \/>15:00-15:45 <br \/>(<strong>I A<\/strong>)<\/td>\n<td>\u00a0<\/td>\n<td>15:00-15:45 <br \/>(<strong>I B<\/strong>)<\/td>\n<td>\u00a0<\/td>\n<td>\u00a0<\/td>\n<\/tr>\n<tr>\n<td>I<\/td>\n<td>\n<h3>\u201eArtCraft\u201d(Colaje, origami, modelare, quilling<\/h3>\n<\/td>\n<td>Moldovanu Diana<\/td>\n<td>3<\/td>\n<td>30<\/td>\n<td>14:00-14:45 (<strong>cl.preg\u0103totoare<\/strong>)<br \/>15:00-15:45 (<strong>I B<\/strong>)<\/td>\n<td>\u00a0<\/td>\n<td>\u00a0<\/td>\n<td>\u00a0<\/td>\n<td>15:00-15:45 (<strong>I A<\/strong>)<\/td>\n<\/tr>\n<tr>\n<td>I<\/td>\n<td>\n<h3>Dans Popular, cl I<\/h3>\n<\/td>\n<td>Grigora\u0219 Maxim<\/td>\n<td>6<\/td>\n<td>sala<br \/>mic\u0103<\/td>\n<td>14:00-14:45 (<strong>cl. preg\u0103titoare<\/strong>)<br \/>15:00-15:45 (<strong>I A<\/strong>)<br \/>15:45-16:30 (<strong>I B<\/strong>)<\/td>\n<td>\u00a0<\/td>\n<td>\u00a0<\/td>\n<td>14:00-14:45 (<strong>cl. preg\u0103titoare<\/strong>)<br \/>15:00-15:45 (<strong>I A<\/strong>)<br \/>15:45-16:30 (<strong>I B<\/strong>)<\/td>\n<td>\u00a0<\/td>\n<\/tr>\n<tr>\n<td>I<\/td>\n<td>\n<h3>Cercul de psihologie \u201e\u00cen lumea emo\u021biilor\u201d<\/h3>\n<\/td>\n<td>Perciun Natalia<\/td>\n<td>2<\/td>\n<td>34\/35<\/td>\n<td>\u00a0<\/td>\n<td>15:00-15:45 <br \/>(<strong>I A<\/strong>)<\/td>\n<td>\u00a0<\/td>\n<td>15:00-15:45 <br \/>(<strong>I B<\/strong>)<\/td>\n<td>\u00a0<\/td>\n<\/tr>\n<tr>\n<td>IX-a<\/td>\n<td>\n<h3>Cerc de Design Grafic<\/h3>\n<\/td>\n<td>Tolico D.<br \/>Munteanu S. Gh.<br \/>Munteanu S. C.<\/td>\n<td>1<\/td>\n<td>\u00a0<\/td>\n<td>\u00a0<\/td>\n<td>\u00a0<\/td>\n<td>\u00a0<\/td>\n<td>\u00a0<\/td>\n<td>14:00-14:45<\/td>\n<\/tr>\n<tr>\n<td>V-a &#8211; VIII-a<\/td>\n<td>\n<h3>Proiectarea \u0219i Dezvoltarea Web<\/h3>\n<h3>(sem. II)<\/h3>\n<\/td>\n<td>Idricean Doina<\/td>\n<td>1<\/td>\n<td>7<\/td>\n<td>\u00a0<\/td>\n<td>\u00a0<\/td>\n<td>15:00-15:45<\/td>\n<td>\u00a0<\/td>\n<td>\u00a0<\/td>\n<\/tr>\n<tr>\n<td>gimnaziale<\/td>\n<td>\n<h3>Robotica<\/h3>\n<\/td>\n<td>Zaim Sofia<br \/>Schi\u021bco Natalia<\/td>\n<td>2<\/td>\n<td>13<\/td>\n<td>\u00a0<\/td>\n<td>\u00a0<\/td>\n<td>\u00a0<\/td>\n<td>14:00-15:30<\/td>\n<td>\u00a0<\/td>\n<\/tr>\n<tr>\n<td>VII-IX<\/td>\n<td>\n<h3>\u0218coala viitorilor medici<\/h3>\n<\/td>\n<td>Platon Tatiana<\/td>\n<td>2<\/td>\n<td>21<\/td>\n<td>\u00a0<\/td>\n<td>\u00a0<\/td>\n<td>14:15-15:15<\/td>\n<td>14:15-15:15<\/td>\n<td>\u00a0<\/td>\n<\/tr>\n<tr>\n<td>VIII-XI<\/td>\n<td>\n<h3>STEM &amp; Criminalistica<\/h3>\n<\/td>\n<td>\u0218terbe\u021b Daniela<\/td>\n<td>2<\/td>\n<td>23<\/td>\n<td>\u00a0<\/td>\n<td>14:00-15:40<\/td>\n<td>\u00a0<\/td>\n<td>\u00a0<\/td>\n<td>\u00a0<\/td>\n<\/tr>\n<tr>\n<td>V-IX<\/td>\n<td>\n<h3>Cerc de pictur\u0103<\/h3>\n<h3>\u201ePaleta fermecat\u0103\u201d<\/h3>\n<\/td>\n<td>Botezatu Cristina<\/td>\n<td>2<\/td>\n<td>3<\/td>\n<td>\u00a0<\/td>\n<td>\u00a0<\/td>\n<td>\u00a0<\/td>\n<td>\u00a0<\/td>\n<td>14:00-15:30<\/td>\n<\/tr>\n<tr>\n<td>gimnaziale<\/td>\n<td>\n<h3>Cerc de \u0219ah<\/h3>\n<\/td>\n<td>Coad\u0103 Valeriu<\/td>\n<td>4<\/td>\n<td>1<\/td>\n<td>13:45-15:00<\/td>\n<td>\u00a0<\/td>\n<td>13:45-15:00<\/td>\n<td>\u00a0<\/td>\n<td>\u00a0<\/td>\n<\/tr>\n<tr>\n<td>V &#8211; VI<\/td>\n<td>\n<h3>Baschet (fete)<\/h3>\n<\/td>\n<td>Medvedev Tatiana<\/td>\n<td>4<\/td>\n<td>Sala mare<\/td>\n<td>14:30-16:00<\/td>\n<td>\u00a0<\/td>\n<td>14:30-16:00<\/td>\n<td>\u00a0<\/td>\n<td>\u00a0<\/td>\n<\/tr>\n<tr>\n<td>V &#8211; VIII<\/td>\n<td>\n<h3>Baschet (b\u0103ie\u021bi)<\/h3>\n<\/td>\n<td>Medvedev Tatiana<\/td>\n<td>4<\/td>\n<td>Sala mare<\/td>\n<td>16:00-17:30<\/td>\n<td>\u00a0<\/td>\n<td>\u00a0<\/td>\n<td>16:00-17:30<\/td>\n<td>\u00a0<\/td>\n<\/tr>\n<tr>\n<td>IX-XII<\/td>\n<td>\n<h3>Volei<\/h3>\n<\/td>\n<td>Malinovschi Gheorghe<\/td>\n<td>4<\/td>\n<td>Sala mare<\/td>\n<td>\u00a0<\/td>\n<td>14:30-16:00<\/td>\n<td>\u00a0<\/td>\n<td>14:30-16:00<\/td>\n<td>\u00a0<\/td>\n<\/tr>\n<tr>\n<td>\n<h3>VII<\/h3>\n<\/td>\n<td>\n<h3>Matematic\u0103 pentru performan\u021b\u0103<\/h3>\n<\/td>\n<td>Topal\u0103 Viorica<\/td>\n<td>1<\/td>\n<td>4<\/td>\n<td>14:00-14:45<\/td>\n<td>\u00a0<\/td>\n<td>\u00a0<\/td>\n<td>\u00a0<\/td>\n<td>\u00a0<\/td>\n<\/tr>\n<tr>\n<td>V<\/td>\n<td>\n<h3>Matematic\u0103 de performan\u021b\u0103<\/h3>\n<\/td>\n<td>Popa Ana<\/td>\n<td>1<\/td>\n<td>9<\/td>\n<td>14:00-14:45<\/td>\n<td>\u00a0<\/td>\n<td>\u00a0<\/td>\n<td>\u00a0<\/td>\n<td>\u00a0<\/td>\n<\/tr>\n<tr>\n<td>\u00a0<\/td>\n<td>\n<h3>Technovation Girls<\/h3>\n<\/td>\n<td>Chirica Alexandra<\/td>\n<td>1<\/td>\n<td>15<\/td>\n<td>14:00-14:45<\/td>\n<td>\u00a0<\/td>\n<td>\u00a0<\/td>\n<td>\u00a0<\/td>\n<td>\u00a0<\/td>\n<\/tr>\n<tr>\n<td>V-VIII<\/td>\n<td>\n<h3>Limba Francez\u0103 pentru debutan\u021bi<\/h3>\n<\/td>\n<td>Razmeri\u021ba Victoria<\/td>\n<td>1<\/td>\n<td>2<\/td>\n<td>14:00-14:45<\/td>\n<td>\u00a0<\/td>\n<td>\u00a0<\/td>\n<td>\u00a0<\/td>\n<td>\u00a0<\/td>\n<\/tr>\n<tr>\n<td>\u00a0<\/td>\n<td>\n<h3>Chitar\u0103<\/h3>\n<\/td>\n<td>Diaconu \u0218tefan<\/td>\n<td>2<\/td>\n<td>5<\/td>\n<td>\u00a0<\/td>\n<td>\u00a0<\/td>\n<td>\u00a0<\/td>\n<td>\u00a0<\/td>\n<td>14:00-15:30<\/td>\n<\/tr>\n<tr>\n<td>\u00a0<\/td>\n<td>\n<h3>\u201eBook Worms\u201d Reading club(cerc de lectur\u0103 \u00een limba englez\u0103<\/h3>\n<\/td>\n<td>G\u00eelc\u0103 Doina<\/td>\n<td>31<\/td>\n<td>2<\/td>\n<td>\u00a0<\/td>\n<td>14:30-16:00<\/td>\n<td>\u00a0<\/td>\n<td>\u00a0<\/td>\n<td>\u00a0<\/td>\n<\/tr>\n<tr>\n<td>\u00a0<\/td>\n<td>\n<h3>\u201eMyths on Stage\u201d- Drama Club<\/h3>\n<\/td>\n<td>G\u00eelc\u0103 Doina<\/td>\n<td>31<\/td>\n<td>2<\/td>\n<td>\u00a0<\/td>\n<td>16:00-17:30<\/td>\n<td>\u00a0<\/td>\n<td>\u00a0<\/td>\n<td>\u00a0<\/td>\n<\/tr>\n<tr>\n<td>\u00a0<\/td>\n<td>\n<h3>\u201eArs traducenti\u201d<\/h3>\n<\/td>\n<td>G\u00eelc\u0103 Doina<\/td>\n<td>31<\/td>\n<td>2<\/td>\n<td>\u00a0<\/td>\n<td>\u00a0<\/td>\n<td>12:45-14:15<\/td>\n<td>\u00a0<\/td>\n<td>\u00a0<\/td>\n<\/tr>\n<tr>\n<td>\u00a0<\/td>\n<td>\n<h3>T\u00e2n\u0103rul jurnalist<\/h3>\n<\/td>\n<td>Munteanu Cornelia<br \/>Coropceanu Aliona<\/td>\n<td>6<\/td>\n<td>6<\/td>\n<td>14:00-15:30<\/td>\n<td>14:00-15:30<\/td>\n<td>\u00a0<\/td>\n<td>14:00-15:30<\/td>\n<td>\u00a0<\/td>\n<\/tr>\n<\/tbody>\n<\/table>\n<\/figure>\n<!-- \/wp:table -->\t\t\t\t\t\t<\/div>\n\t\t\t\t<\/div>\n\t\t\t\t\t<\/div>\n\t\t<\/div>\n\t\t\t\t\t\t\t<\/div>\n\t\t<\/section>\n\t\t\t\t\t\t\t<\/div>\n\t\t","protected":false},"excerpt":{"rendered":"<p>Clasa Denumirea Cercului Numele,Prenumele Profesorului Nr. Ore Sala Luni Mar\u021bi Miercuri Joi Vineri I Cerc de Robotic\u0103 Idricean Doina 2 7 \u00a0 15:00-15:45 (I B)15:45-16:30 (I A) \u00a0 \u00a0 \u00a0 I Cerc de \u0218ah Coad\u0103 Valeriu 2 1 13:-13:45 (cl. preg\u0103titoare)15:00-15:45 (I A) \u00a0 15:00-15:45 (I B) \u00a0 \u00a0 I \u201eArtCraft\u201d(Colaje, origami, modelare, quilling Moldovanu [&hellip;]<\/p>\n","protected":false},"author":1,"featured_media":0,"parent":0,"menu_order":0,"comment_status":"closed","ping_status":"closed","template":"","meta":{"footnotes":""},"yoast_head":"<!-- This site is optimized with the Yoast SEO plugin v21.6 - https:\/\/yoast.com\/wordpress\/plugins\/seo\/ -->\n<title>Cercuri\/Sec\u021bii sportive\/Cluburi - Prometeu<\/title>\n<meta name=\"robots\" content=\"index, follow, max-snippet:-1, max-image-preview:large, max-video-preview:-1\" \/>\n<link rel=\"canonical\" href=\"https:\/\/prometeu.md\/index.php\/cercuri-sectii-sportive-cluburi\/\" \/>\n<meta property=\"og:locale\" content=\"ro_RO\" \/>\n<meta property=\"og:type\" content=\"article\" \/>\n<meta property=\"og:title\" content=\"Cercuri\/Sec\u021bii sportive\/Cluburi - Prometeu\" \/>\n<meta property=\"og:description\" content=\"Clasa Denumirea Cercului Numele,Prenumele Profesorului Nr. Ore Sala Luni Mar\u021bi Miercuri Joi Vineri I Cerc de Robotic\u0103 Idricean Doina 2 7 \u00a0 15:00-15:45 (I B)15:45-16:30 (I A) \u00a0 \u00a0 \u00a0 I Cerc de \u0218ah Coad\u0103 Valeriu 2 1 13:-13:45 (cl. preg\u0103titoare)15:00-15:45 (I A) \u00a0 15:00-15:45 (I B) \u00a0 \u00a0 I \u201eArtCraft\u201d(Colaje, origami, modelare, quilling Moldovanu [&hellip;]\" \/>\n<meta property=\"og:url\" content=\"https:\/\/prometeu.md\/index.php\/cercuri-sectii-sportive-cluburi\/\" \/>\n<meta property=\"og:site_name\" content=\"Prometeu\" \/>\n<meta property=\"article:publisher\" content=\"https:\/\/www.facebook.com\/liceulprometeu\/\" \/>\n<meta property=\"article:modified_time\" content=\"2023-02-01T21:19:59+00:00\" \/>\n<meta property=\"og:image\" content=\"https:\/\/prometeu.md\/wp-content\/uploads\/2021\/11\/Line-3.png\" \/>\n<meta name=\"twitter:card\" content=\"summary_large_image\" \/>\n<meta name=\"twitter:label1\" content=\"Timp estimat pentru citire\" \/>\n\t<meta name=\"twitter:data1\" content=\"1 minut\" \/>\n<script type=\"application\/ld+json\" class=\"yoast-schema-graph\">{\"@context\":\"https:\/\/schema.org\",\"@graph\":[{\"@type\":\"WebPage\",\"@id\":\"https:\/\/prometeu.md\/index.php\/cercuri-sectii-sportive-cluburi\/\",\"url\":\"https:\/\/prometeu.md\/index.php\/cercuri-sectii-sportive-cluburi\/\",\"name\":\"Cercuri\/Sec\u021bii sportive\/Cluburi - Prometeu\",\"isPartOf\":{\"@id\":\"https:\/\/prometeu.md\/#website\"},\"datePublished\":\"2022-02-02T10:15:04+00:00\",\"dateModified\":\"2023-02-01T21:19:59+00:00\",\"breadcrumb\":{\"@id\":\"https:\/\/prometeu.md\/index.php\/cercuri-sectii-sportive-cluburi\/#breadcrumb\"},\"inLanguage\":\"ro-RO\",\"potentialAction\":[{\"@type\":\"ReadAction\",\"target\":[\"https:\/\/prometeu.md\/index.php\/cercuri-sectii-sportive-cluburi\/\"]}]},{\"@type\":\"BreadcrumbList\",\"@id\":\"https:\/\/prometeu.md\/index.php\/cercuri-sectii-sportive-cluburi\/#breadcrumb\",\"itemListElement\":[{\"@type\":\"ListItem\",\"position\":1,\"name\":\"Home\",\"item\":\"https:\/\/prometeu.md\/\"},{\"@type\":\"ListItem\",\"position\":2,\"name\":\"Cercuri\/Sec\u021bii sportive\/Cluburi\"}]},{\"@type\":\"WebSite\",\"@id\":\"https:\/\/prometeu.md\/#website\",\"url\":\"https:\/\/prometeu.md\/\",\"name\":\"Prometeu\",\"description\":\"\",\"publisher\":{\"@id\":\"https:\/\/prometeu.md\/#organization\"},\"potentialAction\":[{\"@type\":\"SearchAction\",\"target\":{\"@type\":\"EntryPoint\",\"urlTemplate\":\"https:\/\/prometeu.md\/?s={search_term_string}\"},\"query-input\":\"required name=search_term_string\"}],\"inLanguage\":\"ro-RO\"},{\"@type\":\"Organization\",\"@id\":\"https:\/\/prometeu.md\/#organization\",\"name\":\"Prometeu-Prim\",\"url\":\"https:\/\/prometeu.md\/\",\"logo\":{\"@type\":\"ImageObject\",\"inLanguage\":\"ro-RO\",\"@id\":\"https:\/\/prometeu.md\/#\/schema\/logo\/image\/\",\"url\":\"https:\/\/prometeu.md\/wp-content\/uploads\/2021\/11\/LogoLOgo-prometeu.png\",\"contentUrl\":\"https:\/\/prometeu.md\/wp-content\/uploads\/2021\/11\/LogoLOgo-prometeu.png\",\"width\":110,\"height\":110,\"caption\":\"Prometeu-Prim\"},\"image\":{\"@id\":\"https:\/\/prometeu.md\/#\/schema\/logo\/image\/\"},\"sameAs\":[\"https:\/\/www.facebook.com\/liceulprometeu\/\"]}]}<\/script>\n<!-- \/ Yoast SEO plugin. -->","yoast_head_json":{"title":"Cercuri\/Sec\u021bii sportive\/Cluburi - Prometeu","robots":{"index":"index","follow":"follow","max-snippet":"max-snippet:-1","max-image-preview":"max-image-preview:large","max-video-preview":"max-video-preview:-1"},"canonical":"https:\/\/prometeu.md\/index.php\/cercuri-sectii-sportive-cluburi\/","og_locale":"ro_RO","og_type":"article","og_title":"Cercuri\/Sec\u021bii sportive\/Cluburi - Prometeu","og_description":"Clasa Denumirea Cercului Numele,Prenumele Profesorului Nr. Ore Sala Luni Mar\u021bi Miercuri Joi Vineri I Cerc de Robotic\u0103 Idricean Doina 2 7 \u00a0 15:00-15:45 (I B)15:45-16:30 (I A) \u00a0 \u00a0 \u00a0 I Cerc de \u0218ah Coad\u0103 Valeriu 2 1 13:-13:45 (cl. preg\u0103titoare)15:00-15:45 (I A) \u00a0 15:00-15:45 (I B) \u00a0 \u00a0 I \u201eArtCraft\u201d(Colaje, origami, modelare, quilling Moldovanu [&hellip;]","og_url":"https:\/\/prometeu.md\/index.php\/cercuri-sectii-sportive-cluburi\/","og_site_name":"Prometeu","article_publisher":"https:\/\/www.facebook.com\/liceulprometeu\/","article_modified_time":"2023-02-01T21:19:59+00:00","og_image":[{"url":"https:\/\/prometeu.md\/wp-content\/uploads\/2021\/11\/Line-3.png"}],"twitter_card":"summary_large_image","twitter_misc":{"Timp estimat pentru citire":"1 minut"},"schema":{"@context":"https:\/\/schema.org","@graph":[{"@type":"WebPage","@id":"https:\/\/prometeu.md\/index.php\/cercuri-sectii-sportive-cluburi\/","url":"https:\/\/prometeu.md\/index.php\/cercuri-sectii-sportive-cluburi\/","name":"Cercuri\/Sec\u021bii sportive\/Cluburi - Prometeu","isPartOf":{"@id":"https:\/\/prometeu.md\/#website"},"datePublished":"2022-02-02T10:15:04+00:00","dateModified":"2023-02-01T21:19:59+00:00","breadcrumb":{"@id":"https:\/\/prometeu.md\/index.php\/cercuri-sectii-sportive-cluburi\/#breadcrumb"},"inLanguage":"ro-RO","potentialAction":[{"@type":"ReadAction","target":["https:\/\/prometeu.md\/index.php\/cercuri-sectii-sportive-cluburi\/"]}]},{"@type":"BreadcrumbList","@id":"https:\/\/prometeu.md\/index.php\/cercuri-sectii-sportive-cluburi\/#breadcrumb","itemListElement":[{"@type":"ListItem","position":1,"name":"Home","item":"https:\/\/prometeu.md\/"},{"@type":"ListItem","position":2,"name":"Cercuri\/Sec\u021bii sportive\/Cluburi"}]},{"@type":"WebSite","@id":"https:\/\/prometeu.md\/#website","url":"https:\/\/prometeu.md\/","name":"Prometeu","description":"","publisher":{"@id":"https:\/\/prometeu.md\/#organization"},"potentialAction":[{"@type":"SearchAction","target":{"@type":"EntryPoint","urlTemplate":"https:\/\/prometeu.md\/?s={search_term_string}"},"query-input":"required name=search_term_string"}],"inLanguage":"ro-RO"},{"@type":"Organization","@id":"https:\/\/prometeu.md\/#organization","name":"Prometeu-Prim","url":"https:\/\/prometeu.md\/","logo":{"@type":"ImageObject","inLanguage":"ro-RO","@id":"https:\/\/prometeu.md\/#\/schema\/logo\/image\/","url":"https:\/\/prometeu.md\/wp-content\/uploads\/2021\/11\/LogoLOgo-prometeu.png","contentUrl":"https:\/\/prometeu.md\/wp-content\/uploads\/2021\/11\/LogoLOgo-prometeu.png","width":110,"height":110,"caption":"Prometeu-Prim"},"image":{"@id":"https:\/\/prometeu.md\/#\/schema\/logo\/image\/"},"sameAs":["https:\/\/www.facebook.com\/liceulprometeu\/"]}]}},"blog_post_layout_featured_media_urls":{"thumbnail":"","full":""},"categories_names":null,"comments_number":"0","_links":{"self":[{"href":"https:\/\/prometeu.md\/index.php\/wp-json\/wp\/v2\/pages\/878"}],"collection":[{"href":"https:\/\/prometeu.md\/index.php\/wp-json\/wp\/v2\/pages"}],"about":[{"href":"https:\/\/prometeu.md\/index.php\/wp-json\/wp\/v2\/types\/page"}],"author":[{"embeddable":true,"href":"https:\/\/prometeu.md\/index.php\/wp-json\/wp\/v2\/users\/1"}],"replies":[{"embeddable":true,"href":"https:\/\/prometeu.md\/index.php\/wp-json\/wp\/v2\/comments?post=878"}],"version-history":[{"count":17,"href":"https:\/\/prometeu.md\/index.php\/wp-json\/wp\/v2\/pages\/878\/revisions"}],"predecessor-version":[{"id":2371,"href":"https:\/\/prometeu.md\/index.php\/wp-json\/wp\/v2\/pages\/878\/revisions\/2371"}],"wp:attachment":[{"href":"https:\/\/prometeu.md\/index.php\/wp-json\/wp\/v2\/media?parent=878"}],"curies":[{"name":"wp","href":"https:\/\/api.w.org\/{rel}","templated":true}]}}