{"id":273,"date":"2021-11-19T10:16:51","date_gmt":"2021-11-19T10:16:51","guid":{"rendered":"https:\/\/nou.prometeu.md\/?page_id=273"},"modified":"2021-12-20T09:42:33","modified_gmt":"2021-12-20T09:42:33","slug":"scoala","status":"publish","type":"page","link":"https:\/\/prometeu.md\/index.php\/acasa\/scoala\/","title":{"rendered":"\u0218coala"},"content":{"rendered":"\t\t<div data-elementor-type=\"wp-page\" data-elementor-id=\"273\" class=\"elementor elementor-273\">\n\t\t\t\t\t\t\t\t\t<section class=\"elementor-section elementor-top-section elementor-element elementor-element-8967cd7 elementor-section-boxed elementor-section-height-default elementor-section-height-default exad-glass-effect-no exad-sticky-section-no\" data-id=\"8967cd7\" data-element_type=\"section\">\n\t\t\t\t\t\t<div class=\"elementor-container elementor-column-gap-default\">\n\t\t\t\t\t<div class=\"elementor-column elementor-col-100 elementor-top-column elementor-element elementor-element-2b51434 exad-glass-effect-no exad-sticky-section-no\" data-id=\"2b51434\" data-element_type=\"column\">\n\t\t\t<div class=\"elementor-widget-wrap elementor-element-populated\">\n\t\t\t\t\t\t\t\t<div class=\"elementor-element elementor-element-bd72455 elementor-position-left elementor-vertical-align-top exad-sticky-section-no exad-glass-effect-no elementor-widget elementor-widget-image-box\" data-id=\"bd72455\" data-element_type=\"widget\" data-widget_type=\"image-box.default\">\n\t\t\t\t<div class=\"elementor-widget-container\">\n\t\t\t<style>\/*! elementor - v3.14.0 - 26-06-2023 *\/\n.elementor-widget-image-box .elementor-image-box-content{width:100%}@media (min-width:768px){.elementor-widget-image-box.elementor-position-left .elementor-image-box-wrapper,.elementor-widget-image-box.elementor-position-right .elementor-image-box-wrapper{display:flex}.elementor-widget-image-box.elementor-position-right .elementor-image-box-wrapper{text-align:right;flex-direction:row-reverse}.elementor-widget-image-box.elementor-position-left .elementor-image-box-wrapper{text-align:left;flex-direction:row}.elementor-widget-image-box.elementor-position-top .elementor-image-box-img{margin:auto}.elementor-widget-image-box.elementor-vertical-align-top .elementor-image-box-wrapper{align-items:flex-start}.elementor-widget-image-box.elementor-vertical-align-middle .elementor-image-box-wrapper{align-items:center}.elementor-widget-image-box.elementor-vertical-align-bottom .elementor-image-box-wrapper{align-items:flex-end}}@media (max-width:767px){.elementor-widget-image-box .elementor-image-box-img{margin-left:auto!important;margin-right:auto!important;margin-bottom:15px}}.elementor-widget-image-box .elementor-image-box-img{display:inline-block}.elementor-widget-image-box .elementor-image-box-title a{color:inherit}.elementor-widget-image-box .elementor-image-box-wrapper{text-align:center}.elementor-widget-image-box .elementor-image-box-description{margin:0}<\/style><div class=\"elementor-image-box-wrapper\"><figure class=\"elementor-image-box-img\"><img loading=\"lazy\" decoding=\"async\" width=\"6\" height=\"80\" src=\"https:\/\/prometeu.md\/wp-content\/uploads\/2021\/11\/Line-3.png\" class=\"attachment-thumbnail size-thumbnail wp-image-159\" alt=\"\" \/><\/figure><\/div>\t\t<\/div>\n\t\t\t\t<\/div>\n\t\t\t\t\t<\/div>\n\t\t<\/div>\n\t\t\t\t\t\t\t<\/div>\n\t\t<\/section>\n\t\t\t\t<section class=\"elementor-section elementor-top-section elementor-element elementor-element-7b8fe60 elementor-section-boxed elementor-section-height-default elementor-section-height-default exad-glass-effect-no exad-sticky-section-no\" data-id=\"7b8fe60\" data-element_type=\"section\">\n\t\t\t\t\t\t<div class=\"elementor-container elementor-column-gap-default\">\n\t\t\t\t\t<div class=\"elementor-column elementor-col-100 elementor-top-column elementor-element elementor-element-25c8f53 exad-glass-effect-no exad-sticky-section-no\" data-id=\"25c8f53\" data-element_type=\"column\">\n\t\t\t<div class=\"elementor-widget-wrap elementor-element-populated\">\n\t\t\t\t\t\t\t\t<div class=\"elementor-element elementor-element-7b03ec2 elementor-widget-divider--view-line exad-sticky-section-no exad-glass-effect-no elementor-widget elementor-widget-divider\" data-id=\"7b03ec2\" data-element_type=\"widget\" data-widget_type=\"divider.default\">\n\t\t\t\t<div class=\"elementor-widget-container\">\n\t\t\t<style>\/*! elementor - v3.14.0 - 26-06-2023 *\/\n.elementor-widget-divider{--divider-border-style:none;--divider-border-width:1px;--divider-color:#0c0d0e;--divider-icon-size:20px;--divider-element-spacing:10px;--divider-pattern-height:24px;--divider-pattern-size:20px;--divider-pattern-url:none;--divider-pattern-repeat:repeat-x}.elementor-widget-divider .elementor-divider{display:flex}.elementor-widget-divider .elementor-divider__text{font-size:15px;line-height:1;max-width:95%}.elementor-widget-divider .elementor-divider__element{margin:0 var(--divider-element-spacing);flex-shrink:0}.elementor-widget-divider .elementor-icon{font-size:var(--divider-icon-size)}.elementor-widget-divider .elementor-divider-separator{display:flex;margin:0;direction:ltr}.elementor-widget-divider--view-line_icon .elementor-divider-separator,.elementor-widget-divider--view-line_text .elementor-divider-separator{align-items:center}.elementor-widget-divider--view-line_icon .elementor-divider-separator:after,.elementor-widget-divider--view-line_icon .elementor-divider-separator:before,.elementor-widget-divider--view-line_text .elementor-divider-separator:after,.elementor-widget-divider--view-line_text .elementor-divider-separator:before{display:block;content:\"\";border-bottom:0;flex-grow:1;border-top:var(--divider-border-width) var(--divider-border-style) var(--divider-color)}.elementor-widget-divider--element-align-left .elementor-divider .elementor-divider-separator>.elementor-divider__svg:first-of-type{flex-grow:0;flex-shrink:100}.elementor-widget-divider--element-align-left .elementor-divider-separator:before{content:none}.elementor-widget-divider--element-align-left .elementor-divider__element{margin-left:0}.elementor-widget-divider--element-align-right .elementor-divider .elementor-divider-separator>.elementor-divider__svg:last-of-type{flex-grow:0;flex-shrink:100}.elementor-widget-divider--element-align-right .elementor-divider-separator:after{content:none}.elementor-widget-divider--element-align-right .elementor-divider__element{margin-right:0}.elementor-widget-divider:not(.elementor-widget-divider--view-line_text):not(.elementor-widget-divider--view-line_icon) .elementor-divider-separator{border-top:var(--divider-border-width) var(--divider-border-style) var(--divider-color)}.elementor-widget-divider--separator-type-pattern{--divider-border-style:none}.elementor-widget-divider--separator-type-pattern.elementor-widget-divider--view-line .elementor-divider-separator,.elementor-widget-divider--separator-type-pattern:not(.elementor-widget-divider--view-line) .elementor-divider-separator:after,.elementor-widget-divider--separator-type-pattern:not(.elementor-widget-divider--view-line) .elementor-divider-separator:before,.elementor-widget-divider--separator-type-pattern:not([class*=elementor-widget-divider--view]) .elementor-divider-separator{width:100%;min-height:var(--divider-pattern-height);-webkit-mask-size:var(--divider-pattern-size) 100%;mask-size:var(--divider-pattern-size) 100%;-webkit-mask-repeat:var(--divider-pattern-repeat);mask-repeat:var(--divider-pattern-repeat);background-color:var(--divider-color);-webkit-mask-image:var(--divider-pattern-url);mask-image:var(--divider-pattern-url)}.elementor-widget-divider--no-spacing{--divider-pattern-size:auto}.elementor-widget-divider--bg-round{--divider-pattern-repeat:round}.rtl .elementor-widget-divider .elementor-divider__text{direction:rtl}.e-con-inner>.elementor-widget-divider,.e-con>.elementor-widget-divider{width:var(--container-widget-width,100%);--flex-grow:var(--container-widget-flex-grow)}<\/style>\t\t<div class=\"elementor-divider\">\n\t\t\t<span class=\"elementor-divider-separator\">\n\t\t\t\t\t\t<\/span>\n\t\t<\/div>\n\t\t\t\t<\/div>\n\t\t\t\t<\/div>\n\t\t\t\t<div class=\"elementor-element elementor-element-929de2c elementor-grid-1 elementor-posts--thumbnail-none elementor-grid-tablet-2 elementor-grid-mobile-1 exad-sticky-section-no exad-glass-effect-no elementor-widget elementor-widget-posts\" data-id=\"929de2c\" data-element_type=\"widget\" data-settings=\"{&quot;classic_columns&quot;:&quot;1&quot;,&quot;classic_columns_tablet&quot;:&quot;2&quot;,&quot;classic_columns_mobile&quot;:&quot;1&quot;,&quot;classic_row_gap&quot;:{&quot;unit&quot;:&quot;px&quot;,&quot;size&quot;:35,&quot;sizes&quot;:[]},&quot;classic_row_gap_tablet&quot;:{&quot;unit&quot;:&quot;px&quot;,&quot;size&quot;:&quot;&quot;,&quot;sizes&quot;:[]},&quot;classic_row_gap_mobile&quot;:{&quot;unit&quot;:&quot;px&quot;,&quot;size&quot;:&quot;&quot;,&quot;sizes&quot;:[]}}\" data-widget_type=\"posts.classic\">\n\t\t\t\t<div class=\"elementor-widget-container\">\n\t\t\t<link rel=\"stylesheet\" href=\"https:\/\/prometeu.md\/wp-content\/plugins\/elementor-pro\/assets\/css\/widget-posts.min.css\">\t\t<div class=\"elementor-posts-container elementor-posts elementor-posts--skin-classic elementor-grid\">\n\t\t\t\t<article class=\"elementor-post elementor-grid-item post-2910 post type-post status-publish format-standard has-post-thumbnail hentry category-performante entry has-media\">\n\t\t\t\t<div class=\"elementor-post__text\">\n\t\t\t\t<div class=\"elementor-post__title\">\n\t\t\t<a href=\"https:\/\/prometeu.md\/index.php\/2025\/05\/20\/premietea-in-cadrul-concursului-satira-comenteaza-istoria-va-avea-loc-la-teatrul-satiricus-26-mai-ora-15-00\/\" >\n\t\t\t\tFestivitatea de premiere \u201eSatira comenteaz\u0103 istoria\u201d\t\t\t<\/a>\n\t\t<\/div>\n\t\t\t\t<div class=\"elementor-post__excerpt\">\n\t\t\t<p>Premierea \u00een cadrul Concursului interdisciplinar municipal \u201eSatira comenteaz\u0103 istoria\u201d, va avea loc la teatrul \u201eSatiricus I.L. Caragiale\u201d, str. M. Eminescu 55, 26 mai, ora 15.00.<\/p>\n\t\t<\/div>\n\t\t\n\t\t<a class=\"elementor-post__read-more\" href=\"https:\/\/prometeu.md\/index.php\/2025\/05\/20\/premietea-in-cadrul-concursului-satira-comenteaza-istoria-va-avea-loc-la-teatrul-satiricus-26-mai-ora-15-00\/\" >\n\t\t\tAfl\u0103 mai mult &gt;\t\t<\/a>\n\n\t\t\t\t<\/div>\n\t\t\t\t<\/article>\n\t\t\t\t<article class=\"elementor-post elementor-grid-item post-2744 post type-post status-publish format-standard has-post-thumbnail hentry category-performante category-uncategorized entry has-media\">\n\t\t\t\t<div class=\"elementor-post__text\">\n\t\t\t\t<div class=\"elementor-post__title\">\n\t\t\t<a href=\"https:\/\/prometeu.md\/index.php\/2024\/03\/21\/au-fost-desemnati-castigatorii-concursului-grigore-vieru-poetul-polivalentelor-eterne-editia-iv\/\" >\n\t\t\t\tAu fost desemna\u021bi c\u00e2\u0219tig\u0103torii Concursului \u201eGrigore Vieru \u2013 poetul polivalen\u021belor eterne\u201d, Edi\u021bia IV!\t\t\t<\/a>\n\t\t<\/div>\n\t\t\t\t<div class=\"elementor-post__excerpt\">\n\t\t\t<p>Ne bucur\u0103m s\u0103 anun\u021b\u0103m rezultatele concursului de crea\u021bie literar-artistic\u0103 \u201eGrigore Vieru \u2013 poetul polivalen\u021belor eterne\u201d pentru sec\u021biunea TRADUCERE \u0219i CREA\u021aIE LITERAR\u0102, edi\u021bia a IV-a, cu<\/p>\n\t\t<\/div>\n\t\t\n\t\t<a class=\"elementor-post__read-more\" href=\"https:\/\/prometeu.md\/index.php\/2024\/03\/21\/au-fost-desemnati-castigatorii-concursului-grigore-vieru-poetul-polivalentelor-eterne-editia-iv\/\" >\n\t\t\tAfl\u0103 mai mult &gt;\t\t<\/a>\n\n\t\t\t\t<\/div>\n\t\t\t\t<\/article>\n\t\t\t\t<article class=\"elementor-post elementor-grid-item post-2720 post type-post status-publish format-standard has-post-thumbnail hentry category-performante entry has-media\">\n\t\t\t\t<div class=\"elementor-post__text\">\n\t\t\t\t<div class=\"elementor-post__title\">\n\t\t\t<a href=\"https:\/\/prometeu.md\/index.php\/2023\/12\/09\/lectura-cultura-si-performanta-elevii-liceului-prometeu-prim-stralucesc-la-concursul-lecturiada-publica-pentru-juniori-si-seniori-editia-a-xxii-a\/\" >\n\t\t\t\tLectur\u0103, cultur\u0103 \u0219i performan\u021b\u0103 &#8211; elevii Liceului \u201ePrometeu-Prim\u201d str\u0103lucesc la Concursul \u201eLecturiada Public\u0103 pentru juniori \u0219i seniori\u201d Edi\u021bia a XXII-a&#8221;!\t\t\t<\/a>\n\t\t<\/div>\n\t\t\t\t<div class=\"elementor-post__excerpt\">\n\t\t\t<p>La Liceul \u201ePrometeu-Prim\u201d, valoriz\u0103m \u0219i promov\u0103m pasiunea pentru lectur\u0103 \u0219i dezvoltarea cultural\u0103 a elevilor no\u0219tri. Recent, am participat cu succes la etapa local\u0103 a Concursului<\/p>\n\t\t<\/div>\n\t\t\n\t\t<a class=\"elementor-post__read-more\" href=\"https:\/\/prometeu.md\/index.php\/2023\/12\/09\/lectura-cultura-si-performanta-elevii-liceului-prometeu-prim-stralucesc-la-concursul-lecturiada-publica-pentru-juniori-si-seniori-editia-a-xxii-a\/\" >\n\t\t\tAfl\u0103 mai mult &gt;\t\t<\/a>\n\n\t\t\t\t<\/div>\n\t\t\t\t<\/article>\n\t\t\t\t<article class=\"elementor-post elementor-grid-item post-2676 post type-post status-publish format-standard has-post-thumbnail hentry category-performante entry has-media\">\n\t\t\t\t<div class=\"elementor-post__text\">\n\t\t\t\t<div class=\"elementor-post__title\">\n\t\t\t<a href=\"https:\/\/prometeu.md\/index.php\/2023\/11\/29\/conferinta-nationala-leadershipul-autentic-intre-creativitate-si-inventica-o-zi-memorabila-de-invatare-si-inspirare-la-liceul-de-creativitate-si-inventica-prometeu-prim\/\" >\n\t\t\t\tConferin\u021ba Na\u021bional\u0103 \u201eLeadershipul Autentic &#8211; \u00eentre Creativitate \u0219i Inventic\u0103&#8221;:\u00a0 O Zi Memorabil\u0103 de \u00cenv\u0103\u021bare \u0219i Inspirare la Liceul de Creativitate \u0219i Inventic\u0103 \u201ePrometeu-Prim\u201d\t\t\t<\/a>\n\t\t<\/div>\n\t\t\t\t<div class=\"elementor-post__excerpt\">\n\t\t\t<p>\u00cen data de 25 noiembrie, Liceul de Creativitate \u0219i Inventic\u0103 \u201ePrometeu-Prim\u201d a organizat o conferin\u021b\u0103 na\u021bional\u0103 remarcabil\u0103 despre leadershipul autentic \u00een educa\u021bia modern\u0103. Cu sprijinul<\/p>\n\t\t<\/div>\n\t\t\n\t\t<a class=\"elementor-post__read-more\" href=\"https:\/\/prometeu.md\/index.php\/2023\/11\/29\/conferinta-nationala-leadershipul-autentic-intre-creativitate-si-inventica-o-zi-memorabila-de-invatare-si-inspirare-la-liceul-de-creativitate-si-inventica-prometeu-prim\/\" >\n\t\t\tAfl\u0103 mai mult &gt;\t\t<\/a>\n\n\t\t\t\t<\/div>\n\t\t\t\t<\/article>\n\t\t\t\t<\/div>\n\t\t\n\t\t\t\t<\/div>\n\t\t\t\t<\/div>\n\t\t\t\t\t<\/div>\n\t\t<\/div>\n\t\t\t\t\t\t\t<\/div>\n\t\t<\/section>\n\t\t\t\t<section class=\"elementor-section elementor-top-section elementor-element elementor-element-4606b59 elementor-section-boxed elementor-section-height-default elementor-section-height-default exad-glass-effect-no exad-sticky-section-no\" data-id=\"4606b59\" data-element_type=\"section\">\n\t\t\t\t\t\t<div class=\"elementor-container elementor-column-gap-default\">\n\t\t\t\t\t<div class=\"elementor-column elementor-col-100 elementor-top-column elementor-element elementor-element-eb1d5e0 exad-glass-effect-no exad-sticky-section-no\" data-id=\"eb1d5e0\" data-element_type=\"column\">\n\t\t\t<div class=\"elementor-widget-wrap\">\n\t\t\t\t\t\t\t\t\t<\/div>\n\t\t<\/div>\n\t\t\t\t\t\t\t<\/div>\n\t\t<\/section>\n\t\t\t\t\t\t\t<\/div>\n\t\t","protected":false},"excerpt":{"rendered":"","protected":false},"author":1,"featured_media":0,"parent":59,"menu_order":1,"comment_status":"closed","ping_status":"closed","template":"","meta":{"footnotes":""},"yoast_head":"<!-- This site is optimized with the Yoast SEO plugin v21.6 - https:\/\/yoast.com\/wordpress\/plugins\/seo\/ -->\n<title>\u0218coala - Prometeu<\/title>\n<meta name=\"robots\" content=\"index, follow, max-snippet:-1, max-image-preview:large, max-video-preview:-1\" \/>\n<link rel=\"canonical\" href=\"https:\/\/prometeu.md\/index.php\/acasa\/scoala\/\" \/>\n<meta property=\"og:locale\" content=\"ro_RO\" \/>\n<meta property=\"og:type\" content=\"article\" \/>\n<meta property=\"og:title\" content=\"\u0218coala - Prometeu\" \/>\n<meta property=\"og:url\" content=\"https:\/\/prometeu.md\/index.php\/acasa\/scoala\/\" \/>\n<meta property=\"og:site_name\" content=\"Prometeu\" \/>\n<meta property=\"article:publisher\" content=\"https:\/\/www.facebook.com\/liceulprometeu\/\" \/>\n<meta property=\"article:modified_time\" content=\"2021-12-20T09:42:33+00:00\" \/>\n<meta property=\"og:image\" content=\"https:\/\/nou.prometeu.md\/wp-content\/uploads\/2021\/11\/Line-3.png\" \/>\n<meta name=\"twitter:card\" content=\"summary_large_image\" \/>\n<script type=\"application\/ld+json\" class=\"yoast-schema-graph\">{\"@context\":\"https:\/\/schema.org\",\"@graph\":[{\"@type\":\"WebPage\",\"@id\":\"https:\/\/prometeu.md\/index.php\/acasa\/scoala\/\",\"url\":\"https:\/\/prometeu.md\/index.php\/acasa\/scoala\/\",\"name\":\"\u0218coala - Prometeu\",\"isPartOf\":{\"@id\":\"https:\/\/prometeu.md\/#website\"},\"datePublished\":\"2021-11-19T10:16:51+00:00\",\"dateModified\":\"2021-12-20T09:42:33+00:00\",\"breadcrumb\":{\"@id\":\"https:\/\/prometeu.md\/index.php\/acasa\/scoala\/#breadcrumb\"},\"inLanguage\":\"ro-RO\",\"potentialAction\":[{\"@type\":\"ReadAction\",\"target\":[\"https:\/\/prometeu.md\/index.php\/acasa\/scoala\/\"]}]},{\"@type\":\"BreadcrumbList\",\"@id\":\"https:\/\/prometeu.md\/index.php\/acasa\/scoala\/#breadcrumb\",\"itemListElement\":[{\"@type\":\"ListItem\",\"position\":1,\"name\":\"Home\",\"item\":\"https:\/\/prometeu.md\/\"},{\"@type\":\"ListItem\",\"position\":2,\"name\":\"Acas\u0103\",\"item\":\"https:\/\/prometeu.md\/\"},{\"@type\":\"ListItem\",\"position\":3,\"name\":\"\u0218coala\"}]},{\"@type\":\"WebSite\",\"@id\":\"https:\/\/prometeu.md\/#website\",\"url\":\"https:\/\/prometeu.md\/\",\"name\":\"Prometeu\",\"description\":\"\",\"publisher\":{\"@id\":\"https:\/\/prometeu.md\/#organization\"},\"potentialAction\":[{\"@type\":\"SearchAction\",\"target\":{\"@type\":\"EntryPoint\",\"urlTemplate\":\"https:\/\/prometeu.md\/?s={search_term_string}\"},\"query-input\":\"required name=search_term_string\"}],\"inLanguage\":\"ro-RO\"},{\"@type\":\"Organization\",\"@id\":\"https:\/\/prometeu.md\/#organization\",\"name\":\"Prometeu-Prim\",\"url\":\"https:\/\/prometeu.md\/\",\"logo\":{\"@type\":\"ImageObject\",\"inLanguage\":\"ro-RO\",\"@id\":\"https:\/\/prometeu.md\/#\/schema\/logo\/image\/\",\"url\":\"https:\/\/prometeu.md\/wp-content\/uploads\/2021\/11\/LogoLOgo-prometeu.png\",\"contentUrl\":\"https:\/\/prometeu.md\/wp-content\/uploads\/2021\/11\/LogoLOgo-prometeu.png\",\"width\":110,\"height\":110,\"caption\":\"Prometeu-Prim\"},\"image\":{\"@id\":\"https:\/\/prometeu.md\/#\/schema\/logo\/image\/\"},\"sameAs\":[\"https:\/\/www.facebook.com\/liceulprometeu\/\"]}]}<\/script>\n<!-- \/ Yoast SEO plugin. -->","yoast_head_json":{"title":"\u0218coala - Prometeu","robots":{"index":"index","follow":"follow","max-snippet":"max-snippet:-1","max-image-preview":"max-image-preview:large","max-video-preview":"max-video-preview:-1"},"canonical":"https:\/\/prometeu.md\/index.php\/acasa\/scoala\/","og_locale":"ro_RO","og_type":"article","og_title":"\u0218coala - Prometeu","og_url":"https:\/\/prometeu.md\/index.php\/acasa\/scoala\/","og_site_name":"Prometeu","article_publisher":"https:\/\/www.facebook.com\/liceulprometeu\/","article_modified_time":"2021-12-20T09:42:33+00:00","og_image":[{"url":"https:\/\/nou.prometeu.md\/wp-content\/uploads\/2021\/11\/Line-3.png"}],"twitter_card":"summary_large_image","schema":{"@context":"https:\/\/schema.org","@graph":[{"@type":"WebPage","@id":"https:\/\/prometeu.md\/index.php\/acasa\/scoala\/","url":"https:\/\/prometeu.md\/index.php\/acasa\/scoala\/","name":"\u0218coala - Prometeu","isPartOf":{"@id":"https:\/\/prometeu.md\/#website"},"datePublished":"2021-11-19T10:16:51+00:00","dateModified":"2021-12-20T09:42:33+00:00","breadcrumb":{"@id":"https:\/\/prometeu.md\/index.php\/acasa\/scoala\/#breadcrumb"},"inLanguage":"ro-RO","potentialAction":[{"@type":"ReadAction","target":["https:\/\/prometeu.md\/index.php\/acasa\/scoala\/"]}]},{"@type":"BreadcrumbList","@id":"https:\/\/prometeu.md\/index.php\/acasa\/scoala\/#breadcrumb","itemListElement":[{"@type":"ListItem","position":1,"name":"Home","item":"https:\/\/prometeu.md\/"},{"@type":"ListItem","position":2,"name":"Acas\u0103","item":"https:\/\/prometeu.md\/"},{"@type":"ListItem","position":3,"name":"\u0218coala"}]},{"@type":"WebSite","@id":"https:\/\/prometeu.md\/#website","url":"https:\/\/prometeu.md\/","name":"Prometeu","description":"","publisher":{"@id":"https:\/\/prometeu.md\/#organization"},"potentialAction":[{"@type":"SearchAction","target":{"@type":"EntryPoint","urlTemplate":"https:\/\/prometeu.md\/?s={search_term_string}"},"query-input":"required name=search_term_string"}],"inLanguage":"ro-RO"},{"@type":"Organization","@id":"https:\/\/prometeu.md\/#organization","name":"Prometeu-Prim","url":"https:\/\/prometeu.md\/","logo":{"@type":"ImageObject","inLanguage":"ro-RO","@id":"https:\/\/prometeu.md\/#\/schema\/logo\/image\/","url":"https:\/\/prometeu.md\/wp-content\/uploads\/2021\/11\/LogoLOgo-prometeu.png","contentUrl":"https:\/\/prometeu.md\/wp-content\/uploads\/2021\/11\/LogoLOgo-prometeu.png","width":110,"height":110,"caption":"Prometeu-Prim"},"image":{"@id":"https:\/\/prometeu.md\/#\/schema\/logo\/image\/"},"sameAs":["https:\/\/www.facebook.com\/liceulprometeu\/"]}]}},"blog_post_layout_featured_media_urls":{"thumbnail":"","full":""},"categories_names":null,"comments_number":"0","_links":{"self":[{"href":"https:\/\/prometeu.md\/index.php\/wp-json\/wp\/v2\/pages\/273"}],"collection":[{"href":"https:\/\/prometeu.md\/index.php\/wp-json\/wp\/v2\/pages"}],"about":[{"href":"https:\/\/prometeu.md\/index.php\/wp-json\/wp\/v2\/types\/page"}],"author":[{"embeddable":true,"href":"https:\/\/prometeu.md\/index.php\/wp-json\/wp\/v2\/users\/1"}],"replies":[{"embeddable":true,"href":"https:\/\/prometeu.md\/index.php\/wp-json\/wp\/v2\/comments?post=273"}],"version-history":[{"count":19,"href":"https:\/\/prometeu.md\/index.php\/wp-json\/wp\/v2\/pages\/273\/revisions"}],"predecessor-version":[{"id":496,"href":"https:\/\/prometeu.md\/index.php\/wp-json\/wp\/v2\/pages\/273\/revisions\/496"}],"up":[{"embeddable":true,"href":"https:\/\/prometeu.md\/index.php\/wp-json\/wp\/v2\/pages\/59"}],"wp:attachment":[{"href":"https:\/\/prometeu.md\/index.php\/wp-json\/wp\/v2\/media?parent=273"}],"curies":[{"name":"wp","href":"https:\/\/api.w.org\/{rel}","templated":true}]}}